{"id":23,"date":"2017-10-22T12:27:15","date_gmt":"2017-10-22T12:27:15","guid":{"rendered":"http:\/\/ms.studentischer-besuchsdienst.de\/wordpress\/?page_id=23"},"modified":"2022-09-21T19:12:19","modified_gmt":"2022-09-21T17:12:19","slug":"wir","status":"publish","type":"page","link":"https:\/\/ms.studentischer-besuchsdienst.de\/wordpress\/wir\/","title":{"rendered":"Wer wir sind"},"content":{"rendered":"\n<h1><img decoding=\"async\" loading=\"lazy\" src=\"https:\/\/ms.studentischer-besuchsdienst.de\/wordpress\/wp-content\/uploads\/2017\/10\/users.png\" alt=\"\" width=\"42\" height=\"42\"> Wer wir sind<\/h1>\n\n\n\n<p>Der Studentische Besuchsdienst e.V. setzt sich lokal f\u00fcr das Miteinander der Generationen ein.<\/p>\n\n\n\n<p>Dazu setzen wir auf den pers\u00f6nlichen Kontakt von Studenten und Bewohnern von Alters- und Pflegeheimen. Du kannst dich bei uns auf mehrere Weisen engagieren: Viele unserer Mitglieder bauen nach der Vermittlung an ein passendes <a href=\"https:\/\/ms.studentischer-besuchsdienst.de\/wordpress\/kooperationen\/\">Heim<\/a> durch uns eine Eins-zu-Eins-Beziehung zu einem \u00e4lteren Menschen auf. Diese gestalten beide gemeinsam ganz nach ihren Interessen und Vorlieben: Ob nun Spazierengehen, Musizieren oder ein Gespr\u00e4ch beim Kartenspielen, alles ist m\u00f6glich, solange beide daran Freude haben. Eine weitere M\u00f6glichkeit, gerade auch um erstmal in die Heime reinzuschnuppern, ist ein allgemeines Engagement mit anderen StuBdis zusammen, z.B. bei der \u00dcbernahme einer Schicht im Caf\u00e9 oder beim Waffelnbacken.<\/p>\n\n\n\n<p>Nat\u00fcrlich kannst du dich auch bei uns im Verein einbringen, z.B. indem du uns bei der Ausweitung unserer Kooperationen mit Alters- und Pflegeheimen unterst\u00fctzt oder bei \u00f6ffentlichen Aktionen. Neben den M\u00f6glichkeiten zum Engagement bietet der Studentische Besuchsdienst e.V. seinen Mitgliedern auch viele <a href=\"https:\/\/ms.studentischer-besuchsdienst.de\/wordpress\/event\/\">Gelegenheiten<\/a>, andere StuBdis kennenzulernen und sich selbst fortzubilden, z.B. bei Filmvorf\u00fchrungen, Diskussionsveranstaltungen und anderen Veranstaltungen.<\/p>\n\n\n\n<p>Das Organisationsteam des Vereins und der WWU-Hochschulgruppe besteht aktuell aus neun Leuten, die verschiedenste Aufgaben \u00fcbernehmen und koordinieren. Der Vorstand, bestehend aus zwei Vorsitzenden und dem Kassenwart, ist insbesondere f\u00fcr die juristischen und finanziellen Belange zust\u00e4ndig. Neben dem Vorstand sind die KoordinatorInnen der einzelnen Heimen eure wichtigsten Ansprechpersonen im Verein. Sie sind selbst in den H\u00e4usern aktiv und k\u00f6nnen euch deshalb am besten eure Frage zu den Heimen beantworten.<br>Bei uns gibt es aber auch noch eine Reihe anderer Aufgaben: Organisation von Veranstaltungen, Erstellung von Flyern und Plakaten, Absprachen mit den Pflegeheimen, Administration der Website, Pflege der Facebookseite u.v.m. Wir freuen uns \u00fcber jedwede Unterst\u00fctzung! Schreib uns bei Interesse einfach eine <a href=\"https:\/\/ms.studentischer-besuchsdienst.de\/wordpress\/kontakt\/\">Mail<\/a> oder meldet euch bei <a href=\"https:\/\/www.instagram.com\/stubdi_muenster\/\" data-type=\"URL\" data-id=\"https:\/\/www.instagram.com\/stubdi_muenster\/\">Instagram<\/a> oder <a rel=\"noreferrer noopener\" href=\"https:\/\/www.facebook.com\/stubdi\/\" target=\"_blank\">Facebook<\/a> !<\/p>\n","protected":false},"excerpt":{"rendered":"<p>Wer wir sind Der Studentische Besuchsdienst e.V. setzt sich lokal f\u00fcr das Miteinander der Generationen ein. Dazu setzen wir auf den pers\u00f6nlichen Kontakt von Studenten und Bewohnern von Alters- und &#8230; <a title=\"Wer wir sind\" class=\"read-more\" href=\"https:\/\/ms.studentischer-besuchsdienst.de\/wordpress\/wir\/\" aria-label=\"Mehr dazu unter Wer wir sind\">Weiterlesen<\/a><\/p>\n","protected":false},"author":1,"featured_media":0,"parent":0,"menu_order":0,"comment_status":"closed","ping_status":"closed","template":"","meta":[],"_links":{"self":[{"href":"https:\/\/ms.studentischer-besuchsdienst.de\/wordpress\/wp-json\/wp\/v2\/pages\/23"}],"collection":[{"href":"https:\/\/ms.studentischer-besuchsdienst.de\/wordpress\/wp-json\/wp\/v2\/pages"}],"about":[{"href":"https:\/\/ms.studentischer-besuchsdienst.de\/wordpress\/wp-json\/wp\/v2\/types\/page"}],"author":[{"embeddable":true,"href":"https:\/\/ms.studentischer-besuchsdienst.de\/wordpress\/wp-json\/wp\/v2\/users\/1"}],"replies":[{"embeddable":true,"href":"https:\/\/ms.studentischer-besuchsdienst.de\/wordpress\/wp-json\/wp\/v2\/comments?post=23"}],"version-history":[{"count":7,"href":"https:\/\/ms.studentischer-besuchsdienst.de\/wordpress\/wp-json\/wp\/v2\/pages\/23\/revisions"}],"predecessor-version":[{"id":319,"href":"https:\/\/ms.studentischer-besuchsdienst.de\/wordpress\/wp-json\/wp\/v2\/pages\/23\/revisions\/319"}],"wp:attachment":[{"href":"https:\/\/ms.studentischer-besuchsdienst.de\/wordpress\/wp-json\/wp\/v2\/media?parent=23"}],"curies":[{"name":"wp","href":"https:\/\/api.w.org\/{rel}","templated":true}]}}