{"id":35,"date":"2017-10-22T12:38:12","date_gmt":"2017-10-22T12:38:12","guid":{"rendered":"http:\/\/ms.studentischer-besuchsdienst.de\/wordpress\/?page_id=35"},"modified":"2021-10-21T17:50:03","modified_gmt":"2021-10-21T15:50:03","slug":"kooperationen","status":"publish","type":"page","link":"https:\/\/ms.studentischer-besuchsdienst.de\/wordpress\/kooperationen\/","title":{"rendered":"Kooperationen"},"content":{"rendered":"<h1><img decoding=\"async\" loading=\"lazy\" src=\"https:\/\/ms.studentischer-besuchsdienst.de\/wordpress\/wp-content\/uploads\/2017\/10\/koop.png\" alt=\"\" width=\"40\" height=\"41\"> Unsere Kooperationen in M\u00fcnster<\/h1>\n<p><a name=\"oben\"><\/a>Momentan haben wir Partnerbeziehungen zu<strong> \u00fcber 20 Einrichtungen<\/strong> in und um M\u00fcnster, in denen ihr mitwirken k\u00f6nnt.<\/p>\n<table width=\"100%\">\n<tbody>\n<tr>\n<td id=\"koopl\" style=\"display: block;\">\n<table>\n<tbody>\n<tr>\n<td class=\"tdimg\"><span style=\"font-size: 18pt; color: #ffdd5e;\"><i class=\"fa fa-star \" ><\/i><\/span><\/td>\n<td class=\"tdtext\"><span style=\"font-size: 8pt;\"><strong>Westfalenflei\u00df Wohnh\u00e4user<\/strong><br \/>\nWolbeck, Gremmendorf, Kinderhaus, Telgte<br \/>\n<\/span><\/td>\n<td class=\"tdmore\"><span style=\"font-size: 8pt;\"><a href=\"#Westff\">mehr \u02c5<\/a><\/span><\/td>\n<\/tr>\n<\/tbody>\n<\/table>\n<table>\n<tbody>\n<tr>\n<td class=\"tdimg\"><span style=\"font-size: 18pt; color: #f4b401;\"><i class=\"fa fa-map-marker \" ><\/i><\/span><\/td>\n<td class=\"tdtext\"><span style=\"font-size: 8pt;\"><strong>Handorfer Hof, Diakonie M\u00fcnster<\/strong><br \/>\nHandorfer Stra\u00dfe 20-24, 48157 M\u00fcnster<br \/>\n<\/span><\/td>\n<td class=\"tdmore\"><span style=\"font-size: 8pt;\"><a href=\"#HandorferHof\">mehr \u02c5<\/a><\/span><\/td>\n<\/tr>\n<\/tbody>\n<\/table>\n<table>\n<tbody>\n<tr>\n<td class=\"tdimg\"><span style=\"font-size: 18pt; color: #d698ad;\"><i class=\"fa fa-map-marker \" ><\/i><\/span><\/td>\n<td class=\"tdtext\"><span style=\"font-size: 8pt;\"><strong>Haus Simeon, Diakonie M\u00fcnster<br \/>\n<\/strong>Am Berg Fidel 70, 48157 M\u00fcnster<\/span><\/td>\n<td class=\"tdmore\"><span style=\"font-size: 8pt;\"><a href=\"#Simeon\">mehr \u02c5<\/a><\/span><\/td>\n<\/tr>\n<\/tbody>\n<\/table>\n<table>\n<tbody>\n<tr>\n<td class=\"tdimg\"><span style=\"font-size: 18pt; color: #a51a49;\"><i class=\"fa fa-map-marker \" ><\/i><\/span><\/td>\n<td class=\"tdtext\"><span style=\"font-size: 8pt;\"><strong>Martin-Luther-Haus<br \/>\n<\/strong>Fliednerstra\u00dfe 17-19, 48149 M\u00fcnster<\/span><\/td>\n<td class=\"tdmore\"><span style=\"font-size: 8pt;\"><a href=\"#MartinLuther\">mehr \u02c5<\/a><\/span><\/td>\n<\/tr>\n<\/tbody>\n<\/table>\n<table>\n<tbody>\n<tr>\n<td class=\"tdimg\"><span style=\"font-size: 18pt; color: #61ae43;\"><i class=\"fa fa-map-marker \" ><\/i><\/span><\/td>\n<td class=\"tdtext\"><span style=\"font-size: 8pt;\"><strong>Seniorenheim Friedrichsburg<br \/>\n<\/strong>Offenbergstra\u00dfe 19, 48151 M\u00fcnster<\/span><\/td>\n<td class=\"tdmore\"><span style=\"font-size: 8pt;\"><a href=\"#Friedrichsburg\">mehr \u02c5<\/a><\/span><\/td>\n<\/tr>\n<\/tbody>\n<\/table>\n<table>\n<tbody>\n<tr>\n<td class=\"tdimg\"><span style=\"font-size: 18pt; color: #ee9c96;\"><i class=\"fa fa-map-marker \" ><\/i><\/span><\/td>\n<td class=\"tdtext\"><span style=\"font-size: 8pt;\"><strong>Achatius Haus<br \/>\n<\/strong>M\u00fcnsterstra\u00dfe 24b, 48167 M\u00fcnster<\/span><\/td>\n<td class=\"tdmore\"><span style=\"font-size: 8pt;\"><a href=\"#Achatius\">mehr \u02c5<\/a><\/span><\/td>\n<\/tr>\n<\/tbody>\n<\/table>\n<table>\n<tbody>\n<tr>\n<td class=\"tdimg\"><span style=\"font-size: 12pt; color: #a7b5d7;\"><i class=\"fa fa-circle \" ><\/i><\/span><\/td>\n<td class=\"tdtext\"><span style=\"font-size: 8pt;\"><strong>Alexianer-Wohngemeinschaften<br \/>\nf\u00fcr Menschen mit Demenz<\/strong><\/span><\/td>\n<td class=\"tdmore\"><span style=\"font-size: 8pt;\"><a href=\"#Alexianer\">mehr \u02c5<\/a><\/span><\/td>\n<\/tr>\n<\/tbody>\n<\/table>\n<table>\n<tbody>\n<tr>\n<td class=\"tdimg\"><span style=\"font-size: 18pt; color: #f2e938;\"><i class=\"fa fa-map-marker \" ><\/i><\/span><\/td>\n<td class=\"tdtext\"><span style=\"font-size: 8pt;\"><strong>Altenzentrum Klarastift<br \/>\n<\/strong>Andreas-Hofer-Stra\u00dfe 70-72, 48145 M\u00fcnster<\/span><\/td>\n<td class=\"tdmore\"><span style=\"font-size: 8pt;\"><a href=\"#Klarastift\">mehr \u02c5<\/a><\/span><\/td>\n<\/tr>\n<\/tbody>\n<\/table>\n<table>\n<tbody>\n<tr>\n<td class=\"tdimg\"><span style=\"font-size: 18pt; color: #0ba9cc;\"><i class=\"fa fa-map-marker \" ><\/i><\/span><\/td>\n<td class=\"tdtext\"><span style=\"font-size: 8pt;\"><strong>Friederike-Fliedner-Haus<br \/>\n<\/strong>Coerdestra\u00dfe 56, 48147 M\u00fcnster<\/span><\/td>\n<td class=\"tdmore\"><span style=\"font-size: 8pt;\"><a href=\"#Fliedner\">mehr \u02c5<\/a><\/span><\/td>\n<\/tr>\n<\/tbody>\n<\/table>\n<table>\n<tbody>\n<tr>\n<td class=\"tdimg\"><span style=\"font-size: 18pt; color: #795046;\"><i class=\"fa fa-map-marker \" ><\/i><\/span><\/td>\n<td class=\"tdtext\"><span style=\"font-size: 8pt;\"><strong>Haus Benteler<br \/>\n<\/strong>Prozessionsweg 54, 48145 M\u00fcnster<\/span><\/td>\n<td class=\"tdmore\"><span style=\"font-size: 8pt;\"><a href=\"#Benteler\">mehr \u02c5<\/a><\/span><\/td>\n<\/tr>\n<\/tbody>\n<\/table>\n<table>\n<tbody>\n<tr>\n<td class=\"tdimg\"><span style=\"font-size: 18pt; color: #b6daaa;\"><i class=\"fa fa-map-marker \" ><\/i><\/span><\/td>\n<td class=\"tdtext\"><span style=\"font-size: 8pt;\"><strong>Haus Heidhorn<br \/>\n<\/strong>M\u00fcnsterstra\u00dfe 24b, 48167 M\u00fcnster<\/span><\/td>\n<td class=\"tdmore\"><span style=\"font-size: 8pt;\"><a href=\"#Heidhorn\">mehr \u02c5<\/a><\/span><\/td>\n<\/tr>\n<\/tbody>\n<\/table>\n<table>\n<tbody>\n<tr>\n<td class=\"tdimg\"><span style=\"font-size: 18pt; color: #7c3592;\"><i class=\"fa fa-map-marker \" ><\/i><\/span><\/td>\n<td class=\"tdtext\"><span style=\"font-size: 8pt;\"><strong>Haus Wilkinghege<br \/>\n<\/strong>Wilkinghege 55, 48159 M\u00fcnster<\/span><\/td>\n<td class=\"tdmore\"><span style=\"font-size: 8pt;\"><a href=\"#Wilkinghege\">mehr \u02c5<\/a><\/span><\/td>\n<\/tr>\n<\/tbody>\n<\/table>\n<table>\n<tbody>\n<tr>\n<td class=\"tdimg\"><span style=\"font-size: 18pt; color: #f8971c;\"><i class=\"fa fa-map-marker \" ><\/i><\/span><\/td>\n<td class=\"tdtext\"><span style=\"font-size: 8pt;\"><strong>Johannes-Hospiz<br \/>\n<\/strong>Sankt-Mauritz-Freiheit 44, 48145 M\u00fcnster<\/span><\/td>\n<td class=\"tdmore\"><span style=\"font-size: 8pt;\"><a href=\"#Johannes\">mehr \u02c5<\/a><\/span><\/td>\n<\/tr>\n<\/tbody>\n<\/table>\n<table>\n<tbody>\n<tr>\n<td class=\"tdimg\"><span style=\"font-size: 18pt; color: #9fc3ff;\"><i class=\"fa fa-map-marker \" ><\/i><\/span><\/td>\n<td class=\"tdtext\"><span style=\"font-size: 8pt;\"><strong>Mehrgenerationenhaus Mathildenstift<br \/>\n<\/strong>M\u00fcnzstra\u00dfe 38, 48143 M\u00fcnster<\/span><\/td>\n<td class=\"tdmore\"><span style=\"font-size: 8pt;\"><a href=\"#Mathildenstift\">mehr \u02c5<\/a><\/span><\/td>\n<\/tr>\n<\/tbody>\n<\/table>\n<table>\n<tbody>\n<tr>\n<td class=\"tdimg\"><span style=\"font-size: 18pt; color: #3f5ba9;\"><i class=\"fa fa-map-marker \" ><\/i><\/span><\/td>\n<td class=\"tdtext\"><span style=\"font-size: 8pt;\"><strong>Papst Johannes Paul Stift<br \/>\n<\/strong>Culmer Stra\u00dfe 16, 48157 M\u00fcnster<\/span><\/td>\n<td class=\"tdmore\"><span style=\"font-size: 8pt;\"><a href=\"#JohannesPaul\">mehr \u02c5<\/a><\/span><\/td>\n<\/tr>\n<\/tbody>\n<\/table>\n<table>\n<tbody>\n<tr>\n<td class=\"tdimg\"><span style=\"font-size: 18pt; color: #da4335;\"><i class=\"fa fa-map-marker \" ><\/i><\/span><\/td>\n<td class=\"tdtext\"><span style=\"font-size: 8pt;\"><strong>Perthes-Haus<\/strong> <\/span><br \/>\n<span style=\"font-size: 8pt;\">Wienburgstra\u00dfe 60, 48147 M\u00fcnster<\/span><\/td>\n<td class=\"tdmore\"><span style=\"font-size: 8pt;\"><a href=\"#Perthes\">mehr \u02c5<\/a><\/span><\/td>\n<\/tr>\n<\/tbody>\n<\/table>\n<table>\n<tbody>\n<tr>\n<td class=\"tdimg\"><span style=\"font-size: 18pt; color: #cddc39;\"><i class=\"fa fa-map-marker \" ><\/i><\/span><\/td>\n<td class=\"tdtext\"><span style=\"font-size: 8pt;\"><strong>St. Lamberti<br \/>\n<\/strong>Scharnhorststra\u00dfe 4, 48151 M\u00fcnster<\/span><\/td>\n<td class=\"tdmore\"><span style=\"font-size: 8pt;\"><a href=\"#Lamberti\">mehr \u02c5<\/a><\/span><\/td>\n<\/tr>\n<\/tbody>\n<\/table>\n<table>\n<tbody>\n<tr>\n<td class=\"tdimg\"><span style=\"font-size: 18pt; color: #009d57;\"><i class=\"fa fa-map-marker \" ><\/i><\/span><\/td>\n<td class=\"tdtext\"><span style=\"font-size: 8pt;\"><strong>Wohnen in Pastors Garten (Stift Tilbeck)<br \/>\n<\/strong> Alte Dorfstra\u00dfe 10, 48161 M\u00fcnster<\/span><\/td>\n<td class=\"tdmore\"><span style=\"font-size: 8pt;\"><a href=\"#Pastor\">mehr \u02c5<\/a><\/span><\/td>\n<\/tr>\n<\/tbody>\n<\/table>\n<\/td>\n<td id=\"koopr\"><iframe loading=\"lazy\" id=\"mapfrm\" src=\"https:\/\/www.google.com\/maps\/d\/embed?mid=z4aOc_TeOLUs.k_eFrr_GKl2U\" width=\"100%\" height=\"600\"><\/iframe><\/td>\n<\/tr>\n<\/tbody>\n<\/table>\n<p><strong><br \/>\n<span style=\"font-size: 18pt; color: #ffdd5e;\"><i class=\"fa fa-star \" ><\/i><\/span><\/strong><strong> <a href=\"#oben\">\u2003<\/a><a name=\"Westff\"><\/a>Westfalenflei\u00df Wohnh\u00e4user &#8211;&nbsp;<\/strong> In den Wohnh\u00e4usern der &#8222;Westfalenflei\u00df GmbH&#8220; haben unsere Mitglieder die besondere M\u00f6glichkeit, mit SeniorInnen zu arbeiten, die eine geistige Behinderung haben. Die Angebote gestalten sich wie in den anderen Einrichtungen, f\u00fcr eine Vorbereitung auf die besonderen Anforderungen tr\u00e4gt &#8222;Westfalenflei\u00df&#8220; Sorge. Die vier H\u00e4user befinden sich in den Stadtteilen Wolbeck Gremmendorf, Kinderhaus sowie im nahen Telgte.\u2003<a href=\"#oben\">nach oben \u02c4<\/a><\/p>\n<p><strong><br \/>\n<span style=\"font-size: 18pt; color: #f4b401;\"><i class=\"fa fa-map-marker \" ><\/i><\/span><\/strong><strong> <a href=\"#oben\">\u2003<\/a><a name=\"HandorferHof\"><\/a>Handorfer Hof, Diakone M\u00fcnster &#8211; <\/strong>Handorfer Stra\u00dfe 20-24, 48157 M\u00fcnster &#8222;Mitten in Handorf und doch im Gr\u00fcnen. Das <a href=\"http:\/\/www.diakonie-muenster.de\/web\/seniorenzentren\/main\/seniorenzentren-handorfer-hof.html\" target=\"_blank\" rel=\"noopener noreferrer\">Evangelische Seniorenzentrum Handorfer Hof<\/a> liegt fu\u00dfl\u00e4ufig in N\u00e4he von Gesch\u00e4ften, Banken, Apotheken und \u00c4rzten. Und gleich hinter der Einrichtung l\u00e4dt der \u201eBoniburger Wald\u201d zu ausgedehnten Spazierg\u00e4ngen ein. In der Seniorenbegegnungsst\u00e4tte mit Cafe und Mittagstisch sorgen jahreszeitliche Feste und Feiern f\u00fcr viel Abwechslung. Konzerte, Ausstellungen und Bildungsangebote pr\u00e4gen das gemeinschaftliche Miteinander.&#8220; \u2003<a href=\"#oben\">nach oben \u02c4<\/a><\/p>\n<p><strong><span style=\"font-size: 18pt; color: #d698ad;\"><i class=\"fa fa-map-marker \" ><\/i><\/span><\/strong><strong><a href=\"#oben\">\u2003<\/a><a name=\"Simeon\"><\/a>Haus Simeon &#8211; <\/strong>Am Berg Fidel 70, 48157 M\u00fcnster<br \/>\n&#8222;Nur f\u00fcnf Kilometer vom Stadtzentrum M\u00fcnster liegt das <a href=\"http:\/\/www.diakonie-muenster.de\/web\/seniorenzentren\/main\/haus-simeon-ueberblick.html\" target=\"_blank\" rel=\"noopener noreferrer\">Seniorenzentrum Haus Simeon<\/a>; in unmittelbarer N\u00e4he des Einkaufszentrum und mit angrenzender Parkanlage. 250 alte Menschen finden hier ein Zuhause. Seit mehr als 35 Jahren bietet die Diakonie M\u00fcnster altengerechte Wohnungen, Pflegepl\u00e4tze sowie Beratung und Betreuung an \u2013 mit viel Erfahrung und eingebunden in den Stadtteil Berg Fidel.&#8220; \u2003<a href=\"#oben\">nach oben \u02c4<br \/>\n<strong><br \/>\n<span style=\"font-size: 18pt; color: #a51a49;\"><i class=\"fa fa-map-marker \" ><\/i><\/span><\/strong><strong>\u2003<\/strong><\/a><strong><a name=\"MartinLuther\"><\/a>Martin-Luther-Haus &#8211; <\/strong>Fliednerstra\u00dfe 17-19, 48149 M\u00fcnster<br \/>\n&#8222;Das <a href=\"http:\/\/www.diakonie-muenster.de\/web\/seniorenzentren\/main\/martin-luther-haus-ueberblick.html\">Martin-Luther-Haus<\/a> liegt in unmittelbarer Nachbarschaft zum Universit\u00e4tsklinikum am Coesfelder Kreuz. Die Einrichtung befindet sich neben der Lukaskirche zwischen Stadtmitte, Gievenbeck und Roxel und ist M\u00fcnsters traditionsreichstes Seniorenzentrum.&#8220; \u2003<a href=\"#oben\">nach oben \u02c4<\/a><\/p>\n<p><strong><span style=\"font-size: 18pt; color: #61ae43;\"><i class=\"fa fa-map-marker \" ><\/i><\/span><\/strong>\u2003<a name=\"Friedrichsburg\"><\/a><strong>Seniorenheim Friedrichsburg &#8211; <\/strong>Offenbergstra\u00dfe 19, 48151 M\u00fcnster Das <a href=\"http:\/\/www.altenheim-friedrichsburg.de\/\">Seniorenheim Friedrichsburg<\/a> mit \u00fcber 100 Bewohnern liegt ruhig aber relativ zentral, der angrenzende Park und der nahegelegene Aasee sind zum Beispiel ideal f\u00fcr Spazierg\u00e4nge. \u2003<a href=\"#oben\">nach oben \u02c4<\/a><\/p>\n<p><strong><span style=\"font-size: 18pt; color: #ee9c96;\"><i class=\"fa fa-map-marker \" ><\/i><\/span> \u2003<a name=\"Achatius\"><\/a><\/strong><strong>Achatius Haus &#8211; <\/strong>M\u00fcnsterstra\u00dfe 24b, 48167 M\u00fcnster<br \/>\nViele Angebote unter einem Dach &#8211; das bietet das <a href=\"http:\/\/www.alexianer-muenster.de\/unsere_angebote\/pflegeangebote\/wohnen_und_pflege_achatius_haus\/\" rel=\"alternate\">Achatius Haus<\/a> in Wolbeck. Dazu z\u00e4hlen Service-Wohnungen, in denen \u00e4ltere Menschen gr\u00f6\u00dftenteils selbstst\u00e4ndig leben, Tages- und Kurzzeitpflegeangebote und ein Pflegebereich. Das Haus ist von individuellen Konzepten und einem famili\u00e4ren Atmosph\u00e4re gepr\u00e4gt &#8211; also werdet aktiv und lernt das Achatius Haus kennen! \u2003<a href=\"#oben\">nach oben \u02c4<\/a><\/p>\n<p><strong><span style=\"font-size: 12pt; color: #a7b5d7;\"><i class=\"fa fa-circle \" ><\/i><\/span><a name=\"Alexianer\"><\/a><\/strong> \u2003<strong>Alexianer-Wohngemeinschaften f\u00fcr Menschen mit Demenz<br \/>\n<\/strong>Vier <a href=\"http:\/\/www.alexianer-muenster.de\/unsere_angebote\/pflegeangebote\/wohngemeinschaften_fuer_menschen_mit_demenz\/wohngemeinschaften_im_ueberblick\/\" rel=\"alternate\">Wohngemeinschaften<\/a> in M\u00fcnsters Zentrum haben die Alexianer bisher im Innenstadtkern M\u00fcnsters aufgebaut: die Villen Hittorfstra\u00dfe und Mauritz, die Wohngemeinschaft Taubenstra\u00dfe und den Hof Schultmann. Dabei z\u00e4hlen kleine Gruppen, deren Bewohner in unterschiedlichen Stadien der Demenz und Pflegebed\u00fcrftigkeit zusammenwohnen, Individualit\u00e4t und das gemeinsame Erleben des Alltags aller BewohnerInnen zu den wichtigsten Charakteristika. Dieses besondere Konzept bietet f\u00fcr die StuBdis eine au\u00dfergew\u00f6hnliche Gelegenheit, eine andere Form des Lebens im Alter und mit Demenz kennenzulernen. \u2003<a href=\"#oben\">nach oben \u02c4<\/a><\/p>\n<p><strong><span style=\"font-size: 18pt; color: #f2e938;\"><i class=\"fa fa-map-marker \" ><\/i><\/span><\/strong><strong> \u2003<a name=\"Klarastift\"><\/a>Altenzentrum Klarastift &#8211; <\/strong>Andreas-Hofer-Stra\u00dfe 70-72, 48145 M\u00fcnster<br \/>\nDas Altenzentrum <a href=\"http:\/\/www.klarastift.de\" rel=\"alternate\">Klarastift<\/a> im Hansaviertel, idyllisch am Kanal gelegen, sucht vor allem StuBdis, die sich w\u00f6chentlich eine Stunde oder mehr f\u00fcr die individuelle Betreuung Zeit nehmen m\u00f6chten. \u2003<a href=\"#oben\">nach oben \u02c4<\/a><\/p>\n<p><strong><span style=\"font-size: 18pt; color: #0ba9cc;\"><i class=\"fa fa-map-marker \" ><\/i><\/span><\/strong><strong> \u2003<a name=\"Fliedner\"><\/a>Friederike-Fliedner-Haus &#8211; <\/strong>Coerdestra\u00dfe 56, 48147 M\u00fcnster<br \/>\nDas <a href=\"http:\/\/www.diakonissenmutterhaus.de\/Das-Friederike-Fliedner-Haus-Node_30097.html\" rel=\"alternate\">Friederike-Fliedner-Haus<\/a> liegt zentral im Kreuzviertel. Hier werden Freiwillige f\u00fcr eine individuelle Betreuung von Bewohnern, zur Mitarbeit im Caf\u00e9 und die Begleitung \u00e4lterer Herrschaften zu den Gottesdiensten am Sonntag gesucht. \u2003<a href=\"#oben\">nach oben \u02c4<\/a><\/p>\n<p><strong><span style=\"font-size: 18pt; color: #795046;\"><i class=\"fa fa-map-marker \" ><\/i><\/span><\/strong><strong> \u2003<a name=\"Benteler\"><\/a>Haus Benteler &#8211; <\/strong>Prozessionsweg 54, 48145 M\u00fcnster<br \/>\nDas <a href=\"http:\/\/www.haus-benteler-muenster.de\/\" rel=\"alternate\">Haus Benteler<\/a> am Prozessionsweg, nahe dem Kanal, ist die kleinste Einrichtung, mit der wir zusammenarbeiten. Eine ganz besondere, famili\u00e4re Atmosph\u00e4re zeichnet das Haus mit dem wundersch\u00f6nen Garten aus. Neben dem Aufbau einer 1-zu-1-Beziehung sind auch Angebote f\u00fcr mehrere G\u00e4ste der Tagespflege-Einrichtung m\u00f6glich. \u2003<a href=\"#oben\">nach oben \u02c4<\/a><\/p>\n<p><strong><span style=\"font-size: 18pt; color: #b6daaa;\"><i class=\"fa fa-map-marker \" ><\/i><\/span><\/strong><strong> \u2003<a name=\"Heidhorn\"><\/a>Haus Heidhorn &#8211; <\/strong>M\u00fcnsterstra\u00dfe 24b, 48167 M\u00fcnster<br \/>\nDenkmalgesch\u00fctztes Haus mit frischer Atmosph\u00e4re &#8211; eine Beschreibung, die auf das <a href=\"http:\/\/www.alexianer-muenster.de\/unsere_angebote\/pflegeangebote\/wohnen_und_pflege_haus_heidhorn\/\" rel=\"alternate\">Haus Heidhorn<\/a> passt. Des Weiteren zeichnet das Haus eine besondere, naturnahe Umgebung und die Einbindung von Kunst und Kultur aus. Es bieten sich viele M\u00f6glichkeiten in und um das Haus eine wertvolle und bereichernde Zeit mit einem\/r der BewohnerInnen zu verbringen! \u2003<a href=\"#oben\">nach oben \u02c4<\/a><\/p>\n<p><strong><span style=\"font-size: 18pt; color: #7c3592;\"><i class=\"fa fa-map-marker \" ><\/i><\/span><\/strong><strong>\u2003<a name=\"Wilkinghege\"><\/a>Haus Wilkinghege &#8211; <\/strong>Wilkinghege 55, 48159 M\u00fcnster<br \/>\nIn M\u00fcnster-Kinderhaus befindet sich das <a href=\"http:\/\/w6882hv6b.homepage.t-online.de\/wordpress\/\" rel=\"alternate\">Haus Wilkinghege<\/a>, in dessen Einrichtung 65 Menschen leben. Wundersch\u00f6n gelegen, mit sehr viel Gr\u00fcn, ergeben sich viele M\u00f6glichkeiten zu gemeinsamen Aktivit\u00e4ten mit den Bewohnern. \u2003<a href=\"#oben\">nach oben \u02c4<\/a><\/p>\n<p><strong><span style=\"font-size: 18pt; color: #f8971c;\"><i class=\"fa fa-map-marker \" ><\/i><\/span><\/strong><strong>\u2003<a name=\"Johannes\"><\/a>Johannes-Hospiz &#8211; <\/strong>Sankt-Mauritz-Freiheit 44, 48145 M\u00fcnster<br \/>\nIn der letzten Phase des Lebens w\u00fcrdevoll leben zu k\u00f6nnen &#8211; daf\u00fcr setzt sich das <a href=\"http:\/\/www.johannes-hospiz.de\/cms\/front_content.php?changeclient=1\" rel=\"alternate\">Johannis-Hospiz<\/a> ein. Da hier Ehrenamtliche langfristig eingeplant werden, kann die Vermittlung manchmal etwas dauern. In ihren Aufgaben aber leisten sie unsch\u00e4tzbare Arbeit f\u00fcr die freundliche Atmosph\u00e4re im Hospiz und unterst\u00fctzen die Bewohner und ihre Familien durch ihre Anwesenheit. \u2003<a href=\"#oben\">nach oben \u02c4<\/a><\/p>\n<p><strong><span style=\"font-size: 18pt; color: #9fc3ff;\"><i class=\"fa fa-map-marker \" ><\/i><\/span><\/strong><strong>\u2003<a name=\"Mathildenstift\"><\/a>Mehrgenerationenhaus Mathildenstift &#8211; <\/strong>M\u00fcnzstra\u00dfe 38, 48143 M\u00fcnster<br \/>\nIm Mehrgenerationenhaus <a href=\"http:\/\/www.schwesternschaft-westfalen.drk.de\/index.html\" rel=\"alternate\">Mathildenstift<\/a> des DRK wohnen nicht nur Senioren, sondern auch Studenten. Viele Generationen unter einem Dach<br \/>\n&#8211; das erm\u00f6glicht eine Atmosph\u00e4re, in der intergenerationelle Beziehungen ganz besonders einfach entstehen k\u00f6nnen. Dieses Heim ist erst 2015 er\u00f6ffnet worden und freut sich daher ganz besonders auch auf neue Ideen der StuBdis! \u2003<a href=\"#oben\">nach oben \u02c4<\/a><\/p>\n<p><strong><span style=\"font-size: 18pt; color: #3f5ba9;\"><i class=\"fa fa-map-marker \" ><\/i><\/span><\/strong><strong>\u2003<a name=\"JohannesPaul\"><\/a>Papst Johannes Paul Stift &#8211; <\/strong>Culmer Stra\u00dfe 16, 48157 M\u00fcnster<br \/>\nDas <a href=\"http:\/\/www.caritas-ms.de\/pflege-leben-im-alter\/altenwohnheim-papst-johannes-paul-stift\/altenwohnheim-papst-johannes-paul-stift\" rel=\"alternate\">Papst Johannes Paul Stift<\/a> in Coerde bietet seit 2007 72 \u00e4lteren Bewohnern ein Zuhause. Hier leben Menschen aller Pflegestufen zusammen. Diese w\u00fcrden sich vor allem \u00fcber Spazierg\u00e4nge bzw. Ausfahrten mit dem Rollstuhl sehr freuen. \u2003<a href=\"#oben\">nach oben \u02c4<\/a><\/p>\n<p><strong><span style=\"font-size: 18pt; color: #da4335;\"><i class=\"fa fa-map-marker \" ><\/i><\/span><\/strong><strong>\u2003<a name=\"Perthes\"><\/a>Perthes-Haus &#8211; <\/strong>Wienburgstra\u00dfe 60, 48147 M\u00fcnster<br \/>\nNeben dem Wienburgpark gelegen, ist im <a href=\"http:\/\/www.pertheswerk.de\/Das-Haus-Node_14247.html\" rel=\"alternate\">Perthes-Haus<\/a> insbesondere die individuelle Betreuung der Bewohner gefragt. Hier wird w\u00f6chentlich ein Waffelnbacken angeboten, bei dem wir mitwirken k\u00f6nnen. \u2003<a href=\"#oben\">nach oben \u02c4<\/a><\/p>\n<p><strong><span style=\"font-size: 18pt; color: #cddc39;\"><i class=\"fa fa-map-marker \" ><\/i><\/span><\/strong><strong>\u2003<a name=\"Lamberti\"><\/a>St. Lamberti &#8211; <\/strong>Scharnhorststra\u00dfe 4, 48151 M\u00fcnster<br \/>\nDirekt am Aasee ist das Altenwohnheim <a href=\"http:\/\/www.caritas-ms.de\/pflege-leben-im-alter\/altenwohnheim-st.-lamberti\/altenwohnheim-st.-lamberti\" rel=\"alternate\">St. Lamberti<\/a>, deren Bewohner sich \u00fcber eine 1-zu-1-Beziehung zu einem StuBdi oder (f\u00fcr Leute, die nicht allzu regelm\u00e4\u00dfig Zeit haben) eine Abendrunde freuen w\u00fcrden. Diese findet jeden Abend ab 19 Uhr statt und wird jedes Mal von anderen Freiwilligen und Mitarbeitern gestaltet. \u2003<a href=\"#oben\">nach oben \u02c4<\/a><\/p>\n<p><strong><span style=\"font-size: 18pt; color: #009d57;\"><i class=\"fa fa-map-marker \" ><\/i><\/span><\/strong><strong>\u2003<a name=\"Pastor\"><\/a>Wohnen in Pastors Garten (Stift Tilbeck) &#8211; <\/strong>Alte Dorfstra\u00dfe 10, 48161 M\u00fcnster<br \/>\nDas <a href=\"http:\/\/www.stift-tilbeck-gmbh.de\/_rubric\/index.php?rubric=Stift-Tilbeck-GmbH\" rel=\"alternate\">Stift Tilbeck<\/a>, mitten im ruhigen Zentrum Roxels, sucht vor allem StuBdis, die gerne 1-zu-1-Beziehungen zu den Bewohnern aufbauen m\u00f6chten. Aus der wundersch\u00f6nen Umgebung ergeben sich viele M\u00f6glichkeit zu gemeinsamen Unternehmungen \u2013 vom gemeinsamen Kaffeetrinken bis zum Spaziergang! \u2003<a href=\"#oben\">nach oben \u02c4<\/a><\/p>\n<p>Eigene Ideen k\u00f6nnt ihr gerne einbringen!<\/p>\n","protected":false},"excerpt":{"rendered":"<p>Unsere Kooperationen in M\u00fcnster Momentan haben wir Partnerbeziehungen zu \u00fcber 20 Einrichtungen in und um M\u00fcnster, in denen ihr mitwirken k\u00f6nnt. Westfalenflei\u00df Wohnh\u00e4user Wolbeck, Gremmendorf, Kinderhaus, Telgte mehr \u02c5 Handorfer &#8230; <a title=\"Kooperationen\" class=\"read-more\" href=\"https:\/\/ms.studentischer-besuchsdienst.de\/wordpress\/kooperationen\/\" aria-label=\"Mehr dazu unter Kooperationen\">Weiterlesen<\/a><\/p>\n","protected":false},"author":1,"featured_media":0,"parent":0,"menu_order":0,"comment_status":"closed","ping_status":"closed","template":"","meta":[],"_links":{"self":[{"href":"https:\/\/ms.studentischer-besuchsdienst.de\/wordpress\/wp-json\/wp\/v2\/pages\/35"}],"collection":[{"href":"https:\/\/ms.studentischer-besuchsdienst.de\/wordpress\/wp-json\/wp\/v2\/pages"}],"about":[{"href":"https:\/\/ms.studentischer-besuchsdienst.de\/wordpress\/wp-json\/wp\/v2\/types\/page"}],"author":[{"embeddable":true,"href":"https:\/\/ms.studentischer-besuchsdienst.de\/wordpress\/wp-json\/wp\/v2\/users\/1"}],"replies":[{"embeddable":true,"href":"https:\/\/ms.studentischer-besuchsdienst.de\/wordpress\/wp-json\/wp\/v2\/comments?post=35"}],"version-history":[{"count":23,"href":"https:\/\/ms.studentischer-besuchsdienst.de\/wordpress\/wp-json\/wp\/v2\/pages\/35\/revisions"}],"predecessor-version":[{"id":240,"href":"https:\/\/ms.studentischer-besuchsdienst.de\/wordpress\/wp-json\/wp\/v2\/pages\/35\/revisions\/240"}],"wp:attachment":[{"href":"https:\/\/ms.studentischer-besuchsdienst.de\/wordpress\/wp-json\/wp\/v2\/media?parent=35"}],"curies":[{"name":"wp","href":"https:\/\/api.w.org\/{rel}","templated":true}]}}