{"id":37,"date":"2017-10-22T12:38:36","date_gmt":"2017-10-22T12:38:36","guid":{"rendered":"http:\/\/ms.studentischer-besuchsdienst.de\/wordpress\/?page_id=37"},"modified":"2021-10-21T17:49:39","modified_gmt":"2021-10-21T15:49:39","slug":"faq","status":"publish","type":"page","link":"https:\/\/ms.studentischer-besuchsdienst.de\/wordpress\/faq\/","title":{"rendered":"FAQ"},"content":{"rendered":"\n<h1><img decoding=\"async\" loading=\"lazy\" src=\"https:\/\/ms.studentischer-besuchsdienst.de\/wordpress\/wp-content\/uploads\/2017\/10\/faq.png\" alt=\"\" width=\"40\" height=\"41\"> FAQ &#8211; Frequently Asked Questions<\/h1>\n\n\n\n<p><strong>Mitgliedschaft<\/strong><\/p>\n\n\n\n<p><em>Wer kann StuBdi werden?<\/em><\/p>\n\n\n\n<p>Jede rechtsf\u00e4hige Person kann Mitglied im \u201eStudentischen Besuchsdienst\u201c werden. Insbesondere suchen wir allerdings Menschen zwischen 18 und 30 Jahren.<\/p>\n\n\n\n<p><em>Wie werde ich StuBdi?<\/em><\/p>\n\n\n\n<p>Du kannst unserem Verein beitreten, indem du das <a href=\"https:\/\/ms.studentischer-besuchsdienst.de\/wordpress\/wp-content\/uploads\/2018\/01\/StuBdi_Mitgliedschaftsantrag.pdf\">Antragsformular<\/a> ausf\u00fcllst und an uns unter <a href=\"&#109;&#x61;i&#108;&#x74;o&#58;&#x73;t&#117;&#x62;d&#105;&#x2e;m&#117;&#x65;n&#115;&#x74;e&#114;&#x40;g&#109;&#x61;i&#108;&#x2e;c&#111;&#x6d;\">&#x73;&#116;u&#x62;&#x64;&#105;&#46;&#x6d;&#x75;&#101;n&#x73;&#116;e&#x72;&#x40;&#103;m&#x61;&#x69;&#108;&#46;&#x63;&#111;&#109;<\/a> zusendest (eingescannt oder abfotografiert, wie du magst). Dann melden wir uns bei dir &#8211; dem frischgebackenen Mitglied!<\/p>\n\n\n\n<p><em>Muss ich religi\u00f6s sein, um StuBdi zu werden?<\/em><\/p>\n\n\n\n<p>Nein. Der \u201eStudentische Besuchsdienst e.V.\u201c ist ausdr\u00fccklich ein konfessionell unabh\u00e4ngiger Verein.<\/p>\n\n\n\n<p><em>Muss ich f\u00fcr die Aufnahme ein bestimmtes Fach studieren?<\/em><\/p>\n\n\n\n<p>Nein. Alle Fachrichtungen sind herzlich willkommen! Und tats\u00e4chlich kommen unsere Mitglieder auch aus allen Studieng\u00e4ngen, die man sich vorstellen kann.<\/p>\n\n\n\n<p><em>Kostet die Mitgliedschaft Geld?<\/em><\/p>\n\n\n\n<p>Seit dem Sommersemester 2015 erheben wir einen Beitrag von 5 \u20ac pro Semester, sprich 10 \u20ac im Jahr. Wir denken, dass das jeder aufbringen kann, in anderen F\u00e4llen nehmt bitte Kontakt zu uns auf. Der Beitrag kommt allen aktiven Mitgliedern zugute und wir organisieren Aktivit\u00e4ten, bei denen ihr euch gegenseitig kennen lernen k\u00f6nnt! F\u00f6rdernde Mitglieder jedoch werden um einen Jahresbeitrag von 30 Euro gebeten.<\/p>\n\n\n\n<p><em>Muss ich regelm\u00e4\u00dfig kommen?<\/em><\/p>\n\n\n\n<p>Das ist von Dir abh\u00e4ngig! Wir haben unterschiedliche Konzepte. Wenn Du eher allgemeine Projekte unterst\u00fctzen m\u00f6chtest, kannst Du auch unregelm\u00e4\u00dfig kommen. Wenn Du 1-zu-1-Beziehungen zu BewohnerInnen aufbauen m\u00f6chtest, ist ein regelm\u00e4\u00dfiges Kommen notwendig &#8211; denn um eine Beziehung aufzubauen, braucht es gemeinsame Zeit.<\/p>\n\n\n\n<p><strong>T\u00e4tigkeit<\/strong><\/p>\n\n\n\n<p><em>Kann ich mir das Projekt, bei dem ich mithelfe, selbst aussuchen?<\/em><\/p>\n\n\n\n<p>Selbstverst\u00e4ndlich kannst Du selbst entscheiden, wo Du mithelfen m\u00f6chtest! Wenn Du bei uns Mitglied wirst, bitten wir dich, drei Pr\u00e4ferenzen bei der Vermittlung auszusuchen, damit wir dich dorthin vermitteln k\u00f6nnen, wo der Bedarf am gr\u00f6\u00dften ist.<\/p>\n\n\n\n<p><em>Arbeite ich allein?<\/em><\/p>\n\n\n\n<p>Die 1-zu-1-Beziehungen zeichnen sich dadurch aus, dass beide PartnerInnen &#8211; nach einer Anfangsphase, bei der man sich gegenseitig kennen lernt &#8211; gemeinsam Zeit verbringt. Wie ihr diese Zeit zu zweit gestaltet, ist euch \u00fcberlassen: Wirklich zu zweit, bspw. beim Spazierengehen, oder in gr\u00f6\u00dferer Runde mit anderen &#8211; das k\u00f6nnt ihr entscheiden. Wenn ihr euch dabei unwohl f\u00fchlt, kennt ihr gerne bei anderen ehrenamtlichen T\u00e4tigkeiten in den Einrichtungen helfen: Waffelbacken, die Betreuung der Caf\u00e9s wird auf jeden Fall in einer gr\u00f6\u00dferen Gruppe stattfinden.<\/p>\n\n\n\n<p>Bei den Veranstaltungen lernt man allerdings auch &#8211; trotz der Einzelarbeit &#8211; die anderen StuBdis genauer kennen.<\/p>\n\n\n\n<p><em>Bekommt man f\u00fcr die T\u00e4tigkeit Geld?<\/em><\/p>\n\n\n\n<p>Nein, das Engagement beim StuBdi ist ausschlie\u00dflich ehrenamtlich.<\/p>\n\n\n\n<p><em>Bin ich versichert?<\/em><\/p>\n\n\n\n<p>Ja: Als Vereinsmitglied ist man in Deutschland automatisch unfallversichert. Eine Haftpflichtversicherung wird von den Einrichtungen, in denen wir arbeiten, abgeschlossen.<\/p>\n\n\n\n<p><strong>Spende<\/strong><\/p>\n\n\n\n<p><em>Wie kann ich spenden?<\/em><\/p>\n\n\n\n<p>\u00dcber Spenden freuen wir uns sehr. Unser Kontoverbindung lautet:<\/p>\n\n\n\n<p>Studentischer Besuchsdienst e.V.<\/p>\n\n\n\n<p>BIC: WELADED1MST<\/p>\n\n\n\n<p>IBAN: DE52 4005 0150 0034 3938 68<\/p>\n\n\n\n<p><em>Kann ich f\u00fcr meine Spende eine Spendenquittung erhalten?<\/em><\/p>\n\n\n\n<p>Als gemeinn\u00fctziger Verein k\u00f6nnen wir auch Spendenquittungen ausstellen. Dies tun wir ab einem Spendenwert von 10 Euro sehr gerne.<\/p>\n\n\n\n<p><em>Kann ich F\u00f6rderer werden?<\/em><\/p>\n\n\n\n<p>Ja, als f\u00f6rderndes Mitglied k\u00f6nnen Sie unserem Verein beitreten. F\u00f6rdernde Mitglieder werden um einen Jahresbeitrag von 30 Euro (oder mehr) gebeten.<\/p>\n\n\n\n<p><strong>Besuch<\/strong><\/p>\n\n\n\n<p><em>K\u00f6nnen Sie uns besuchen kommen?<\/em><\/p>\n\n\n\n<p>Wir freuen uns sehr \u00fcber Kontaktanfragen von Organisationen und Institutionen und w\u00fcrden gerne weitere Kooperationsbeziehungen aufbauen. Allerdings \u00fcbernehmen wir ausdr\u00fccklich keine T\u00e4tigkeiten, die in den pflegerischen Dienst fallen. Diese m\u00fcssen unserer Meinung nach von den Kliniken und Krankenh\u00e4usern selbst geleistet und finanziert werden. Unser Verein soll nicht der Einsparung von Geldern und Arbeitspl\u00e4tzen dienen.<\/p>\n\n\n\n<p><em>K\u00f6nnen Sie meinen Angeh\u00f6rigen pflegen?<\/em><\/p>\n\n\n\n<p>Wenn Ihr Angeh\u00f6riger bereits von einer Organisation oder Institution gepflegt wird, k\u00f6nnen Sie diese gerne bzgl. einer Kontaktaufnahme mit uns anfragen. Wir bitten von privaten Anfragen abzusehen und werden diese nur in Ausnahmef\u00e4llen beantworten.<\/p>\n","protected":false},"excerpt":{"rendered":"<p>FAQ &#8211; Frequently Asked Questions Mitgliedschaft Wer kann StuBdi werden? Jede rechtsf\u00e4hige Person kann Mitglied im \u201eStudentischen Besuchsdienst\u201c werden. Insbesondere suchen wir allerdings Menschen zwischen 18 und 30 Jahren. Wie &#8230; <a title=\"FAQ\" class=\"read-more\" href=\"https:\/\/ms.studentischer-besuchsdienst.de\/wordpress\/faq\/\" aria-label=\"Mehr dazu unter FAQ\">Weiterlesen<\/a><\/p>\n","protected":false},"author":1,"featured_media":0,"parent":0,"menu_order":0,"comment_status":"closed","ping_status":"closed","template":"","meta":[],"_links":{"self":[{"href":"https:\/\/ms.studentischer-besuchsdienst.de\/wordpress\/wp-json\/wp\/v2\/pages\/37"}],"collection":[{"href":"https:\/\/ms.studentischer-besuchsdienst.de\/wordpress\/wp-json\/wp\/v2\/pages"}],"about":[{"href":"https:\/\/ms.studentischer-besuchsdienst.de\/wordpress\/wp-json\/wp\/v2\/types\/page"}],"author":[{"embeddable":true,"href":"https:\/\/ms.studentischer-besuchsdienst.de\/wordpress\/wp-json\/wp\/v2\/users\/1"}],"replies":[{"embeddable":true,"href":"https:\/\/ms.studentischer-besuchsdienst.de\/wordpress\/wp-json\/wp\/v2\/comments?post=37"}],"version-history":[{"count":5,"href":"https:\/\/ms.studentischer-besuchsdienst.de\/wordpress\/wp-json\/wp\/v2\/pages\/37\/revisions"}],"predecessor-version":[{"id":268,"href":"https:\/\/ms.studentischer-besuchsdienst.de\/wordpress\/wp-json\/wp\/v2\/pages\/37\/revisions\/268"}],"wp:attachment":[{"href":"https:\/\/ms.studentischer-besuchsdienst.de\/wordpress\/wp-json\/wp\/v2\/media?parent=37"}],"curies":[{"name":"wp","href":"https:\/\/api.w.org\/{rel}","templated":true}]}}