{"id":70,"date":"2017-10-22T14:18:28","date_gmt":"2017-10-22T14:18:28","guid":{"rendered":"http:\/\/ms.studentischer-besuchsdienst.de\/wordpress\/?page_id=70"},"modified":"2025-11-24T12:52:00","modified_gmt":"2025-11-24T10:52:00","slug":"aktiv-werden","status":"publish","type":"page","link":"https:\/\/ms.studentischer-besuchsdienst.de\/wordpress\/aktiv-werden\/","title":{"rendered":"Aktiv werden"},"content":{"rendered":"\n<h1><img decoding=\"async\" src=\"https:\/\/ms.studentischer-besuchsdienst.de\/wordpress\/wp-content\/uploads\/2017\/10\/aktiv.png\" alt=\"\" style=\"width: undefinedpx;\"> Aktiv werden<\/h1>\n\n\n\n<p>Wir freuen uns \u00fcber jedes neue Mitglied, das Lust und Interesse an einer ehrenamtlichen T\u00e4tigkeit in unserem Verein hat!<\/p>\n\n\n\n<p>Wenn du bei uns Mitglied werden m\u00f6chtest, lies dir doch zuerst folgende Hinweise dazu durch.<\/p>\n\n\n\n<p>Als Erstes f\u00fcllst du unseren <a href=\"https:\/\/ms.studentischer-besuchsdienst.de\/wordpress\/wp-content\/uploads\/2018\/01\/StuBdi_Mitgliedschaftsantrag.pdf\">Mitgliedschaftsantrag<\/a> aus. Dieser besteht aus einigen allgemeinen Hinweisen zum Verein und dem Ablauf, nach dem du Mitglied geworden bist, dem Beitrittsformular, der Schweigepflichtserkl\u00e4rung und dem SEPA-Lastschriftsmandat. Diesen sendest du uns ausgef\u00fcllt und unterschrieben an <strong>&#x73;&#116;u&#x62;&#x64;&#105;&#46;&#x6d;&#x75;&#101;n&#x73;&#x74;&#101;r&#x40;&#x67;&#109;a&#x69;&#108;&#46;c&#x6f;&#109;<\/strong>. Dabei schreibst du uns auch, welche Einrichtung(en) f\u00fcr dich interessant sind. Wir melden uns dann so schnell wie m\u00f6glich bei dir und vermitteln dich an das Heim, bei dem der Bedarf am gr\u00f6\u00dften ist.<\/p>\n\n\n\n<p>Anschlie\u00dfend meldet sich der Koordinator vor Ort bei dir und ihr vereinbart ein erstes Gespr\u00e4ch, bei dem ihr gemeinsam besprecht, was genau du gerne machen m\u00f6chtest. Im Falle, dass du eine 1-zu-1-Beziehung aufbauen m\u00f6chtest, wirst du dann einem Bewohner vorgestellt. Beide haben daraufhin die M\u00f6glichkeit, einander kennenzulernen &#8211; beide Seiten haben auch jederzeit die Chance, sich gegebenenfalls neu vermitteln zu lassen, denn es kann nat\u00fcrlich immer sein, dass die Chemie m\u00f6glicherweise nicht stimmt.<\/p>\n\n\n\n<p>Der<strong> Mitgliedschaftsbeitrag <\/strong>betr\u00e4gt seit dem SoSe 2015<strong> f\u00fcnf Euro pro Semester<\/strong> (Beschluss der Vollversammlung vom 06.02.2015). Das Geld dient vor allem den Aktionen, die wir gemeinsam mit allen StuBdis unternehmen &#8211; der Beitrag kommt also auch euch zu Gute.<\/p>\n\n\n\n<p>Ein kurzer Hinweis zur Belastung durch den Besuchsdienst: Wir raten Menschen mit einer instabilen psychischen oder physischen Konstitution von einer Mitarbeit in unserem Verein ab. Themen wie Krankheit, Leid oder Tod sind im Rahmen unseres Dienstes nahezu unausbleiblich und k\u00f6nnen schwierig f\u00fcr den Einzelnen sein. Die Mitarbeit im Studentischen Besuchsdienst kann somit &#8211; auch wenn es nicht den Anschein haben mag &#8211; eine Herausforderung sein. Wir bitten jeden, dies bei der Beitrittserkl\u00e4rung zu bedenken.<\/p>\n\n\n\n<p>Des Weiteren ist zu beachten, dass insbesondere bei der individuellen Betreuung Regelm\u00e4\u00dfigkeit und Verl\u00e4sslichkeit sehr wichtig sind. Man sollte bereit sein, w\u00f6chentlich mindestens eine Stunde den \u00e4lteren Menschen zu schenken.<\/p>\n\n\n\n<p>Auch wenn der Studentische Besuchsdienst e.V. manchmal schwierig ist: An den l\u00e4chelnden Gesichtern und den gewonnenen Erfahrungen merkt man, dass er sich lohnt. Das erfahren wir StuBdis bei all unseren Besuchen.<\/p>\n\n\n\n<p>Hier findest du unseren <a href=\"https:\/\/ms.studentischer-besuchsdienst.de\/wordpress\/wp-content\/uploads\/2017\/10\/Studentischer-Besuchsdienst_Mitgliedschaftsantrag.pdf\" target=\"_blank\" rel=\"noreferrer noopener\">Mitgliedschaftsantrag<\/a>. Wir freuen uns auf dich!<\/p>\n","protected":false},"excerpt":{"rendered":"<p>Aktiv werden Wir freuen uns \u00fcber jedes neue Mitglied, das Lust und Interesse an einer ehrenamtlichen T\u00e4tigkeit in unserem Verein hat! Wenn du bei uns Mitglied werden m\u00f6chtest, lies dir &#8230; <a title=\"Aktiv werden\" class=\"read-more\" href=\"https:\/\/ms.studentischer-besuchsdienst.de\/wordpress\/aktiv-werden\/\" aria-label=\"Mehr dazu unter Aktiv werden\">Weiterlesen<\/a><\/p>\n","protected":false},"author":1,"featured_media":0,"parent":0,"menu_order":0,"comment_status":"closed","ping_status":"closed","template":"","meta":[],"_links":{"self":[{"href":"https:\/\/ms.studentischer-besuchsdienst.de\/wordpress\/wp-json\/wp\/v2\/pages\/70"}],"collection":[{"href":"https:\/\/ms.studentischer-besuchsdienst.de\/wordpress\/wp-json\/wp\/v2\/pages"}],"about":[{"href":"https:\/\/ms.studentischer-besuchsdienst.de\/wordpress\/wp-json\/wp\/v2\/types\/page"}],"author":[{"embeddable":true,"href":"https:\/\/ms.studentischer-besuchsdienst.de\/wordpress\/wp-json\/wp\/v2\/users\/1"}],"replies":[{"embeddable":true,"href":"https:\/\/ms.studentischer-besuchsdienst.de\/wordpress\/wp-json\/wp\/v2\/comments?post=70"}],"version-history":[{"count":7,"href":"https:\/\/ms.studentischer-besuchsdienst.de\/wordpress\/wp-json\/wp\/v2\/pages\/70\/revisions"}],"predecessor-version":[{"id":369,"href":"https:\/\/ms.studentischer-besuchsdienst.de\/wordpress\/wp-json\/wp\/v2\/pages\/70\/revisions\/369"}],"wp:attachment":[{"href":"https:\/\/ms.studentischer-besuchsdienst.de\/wordpress\/wp-json\/wp\/v2\/media?parent=70"}],"curies":[{"name":"wp","href":"https:\/\/api.w.org\/{rel}","templated":true}]}}